{"id":91,"date":"2024-12-13T11:13:46","date_gmt":"2024-12-13T11:13:46","guid":{"rendered":"https:\/\/sacreunova.com\/?page_id=91"},"modified":"2025-02-17T15:11:23","modified_gmt":"2025-02-17T15:11:23","slug":"politica-de-cookies","status":"publish","type":"page","link":"https:\/\/sacreunova.com\/es\/politica-de-cookies\/","title":{"rendered":"Pol\u00edtica de Cookies"},"content":{"rendered":"<p><strong><em>Actualizada:<\/em>feb. -25<\/strong><\/p>\n<p>El sitio web <a href=\"https:\/\/sacreunova.com\/\"><u>https:\/\/sacreunova.com\/<\/u><\/a> es responsabilidad de R.E. CAMPOS INV, S.L. (en adelante SA CREU NOVA &#8211; PETIT PALAIS ART &amp; SPA), con domicilio social en C\/Nou, 10 &#8211; 07630 &#8211; Campos (Mallorca) Islas Baleares con CIF: B65740581 y direcci\u00f3n de correo electr\u00f3nico <u>info@sacreunova.com.<\/u><\/p>\n<p>Consecuentemente, la utilizaci\u00f3n de cookies se le aplica la presente \u00abPol\u00edtica de Uso de Cookies\u00bb que ha sido elaborada con el fin de que el usuario quede informado de los diferentes usos que se llevan a cabo en estos dispositivos y, pueda consentir su tratamiento de manera informada, de conformidad con lo previsto en la legislaci\u00f3n vigente.<\/p>\n<h2>\u00bfQU\u00c9 ES UNA COOKIE?<\/h2>\n<p>Una cookie es un fichero que se descarga en su ordenador al acceder el Usuario a determinadas p\u00e1ginas web. Las cookies permiten a una p\u00e1gina web, entre otras cosas, almacenar y recuperar informaci\u00f3n sobre los h\u00e1bitos de navegaci\u00f3n de un usuario o de su equipo y, dependiendo de la informaci\u00f3n que contengan y de la forma en que utilice su equipo, pueden utilizarse para reconocer al usuario.<\/p>\n<h2>\u00bfQU\u00c9 TIPOS DE COOKIES EXISTEN?<\/h2>\n<p>Existen varios tipos de cookies en funci\u00f3n de distintos criterios:<\/p>\n<p>En funci\u00f3n del tiempo que permanecen activadas:<\/p>\n<ul>\n<li>Cookies de sesi\u00f3n. Son un tipo de cookies dise\u00f1adas para recabar y almacenar datos mientras el usuario accede a una p\u00e1gina web.<\/li>\n<li>Cookies permanentes: Son un tipo de cookies en el que los datos siguen almacenados en el terminal y pueden ser accedidos y tratados durante un periodo definido por el responsable de la cookie.<\/li>\n<\/ul>\n<p>En funci\u00f3n de la titularidad:<\/p>\n<ul>\n<li>Cookies propias. Son las que pertenecen a SA CREU NOVA &#8211; PETIT PALAIS ART &amp; SPA<\/li>\n<li>Cookies de terceros. Son aquellas cuya titularidad es de un tercero, distinto de SA CREU NOVA &#8211; PETIT PALAIS ART &amp; SPA, que ser\u00e1 quien trate la informaci\u00f3n recabada.<\/li>\n<\/ul>\n<p>En funci\u00f3n de su finalidad:<\/p>\n<ul>\n<li>Cookies t\u00e9cnicas y\/o de personalizaci\u00f3n. Son aquellas que sirven para mejorar el servicio, localizar incidencias, reconocer al usuario, etc.<\/li>\n<li>Cookies de an\u00e1lisis y\/o de publicidad. Son aquellas que sirven para analizar informaci\u00f3n sobre la navegaci\u00f3n y ofrecer publicidad, sea gen\u00e9rica o personalizada.<\/li>\n<\/ul>\n<h2>\u00bfQU\u00c9 TIPOS DE COOKIES SON M\u00c1S HABITUALES?<\/h2>\n<p><strong>T\u00c9CNICAS:<\/strong> Son cookies PROPIAS, de sesi\u00f3n, de identificaci\u00f3n, de configuraci\u00f3n y de registro, estrictamente necesarias para la identificaci\u00f3n del usuario y para la prestaci\u00f3n de los servicios solicitados por el usuario. La informaci\u00f3n obtenida a trav\u00e9s de las mismas es tratada \u00fanicamente por SA CREU NOVA &#8211; PETIT PALAIS ART &amp; SPA<\/p>\n<p><strong>DE AN\u00c1LISIS:<\/strong> Son aqu\u00e9llas que, bien tratadas por nosotros o por terceros, nos permiten cuantificar el n\u00famero de usuarios y as\u00ed realizar la medici\u00f3n y an\u00e1lisis estad\u00edstico de la utilizaci\u00f3n que hacen los usuarios del servicio ofertado. Para ello se analiza su navegaci\u00f3n en nuestra p\u00e1gina web con el fin de mejorar la oferta de productos o servicios que le ofrecemos.<\/p>\n<p><strong>DE PUBLICIDAD<\/strong>: Son aqu\u00e9llas que, bien tratadas por nosotros o por terceros, permiten la gesti\u00f3n, de la forma m\u00e1s eficaz posible, de los espacios publicitarios que se pudieran incluir en nuestra p\u00e1gina web y\/o almacenan informaci\u00f3n del comportamiento de los usuarios obtenida a trav\u00e9s de la observaci\u00f3n continuada. Gracias a ellas, podemos conocer los h\u00e1bitos de navegaci\u00f3n en internet y mostrarle publicidad relacionada con su perfil de navegaci\u00f3n.<\/p>\n<h2>\u00bfPARA QU\u00c9 SIRVE UNA COOKIE?<\/h2>\n<p>Las cookies se utilizan para poder ofrecerle servicios y\/o publicidad personalizados, para analizar el funcionamiento del sistema, reconocerle cuando accede como usuario, localizar incidencias y problemas que puedan surgir y solventarlos en el menor plazo posible, as\u00ed como analizar y medir el uso y actividad de la p\u00e1gina web.<\/p>\n<h2>\u00bfSE NECESITA MI CONSENTIMIENTO PARA IMPLANTAR UNA COOKIE?<\/h2>\n<p>No se precisa el consentimiento para la instalaci\u00f3n de cookies t\u00e9cnicas o las que sean estrictamente necesarias para la prestaci\u00f3n de un servicio de la sociedad de la informaci\u00f3n expresamente solicitado por el destinatario.<\/p>\n<p>Para el resto, s\u00ed se precisa del consentimiento del interesado que se puede solicitar por distintas v\u00edas. En el caso de SA CREU NOVA &#8211; PETIT PALAIS ART &amp; SPA, se entender\u00e1 otorgado si Vd. acepta las cookies opcionales y no necesarias para el funcionamiento de la web y podr\u00e1 revocar el consentimiento y desactivar las cookies entrando en el apartado \u201cc\u00f3mo desactivar las cookies\u201d que se encuentra al final de este documento.<\/p>\n<h2>\u00bfQU\u00c9 TIPOS DE COOKIES UTILIZA ESTA P\u00c1GINA WEB?<\/h2>\n<p>Cookies t\u00e9cnicas: Son aquellas creadas y gestionadas \u00fanicamente por nosotros, y permiten al usuario la navegaci\u00f3n a trav\u00e9s de nuestra p\u00e1gina web y la utilizaci\u00f3n de las diferentes opciones como, por ejemplo, identificar la sesi\u00f3n, personalizar informaci\u00f3n o acceder a zonas de acceso restringido.<\/p>\n<p>El lugar web de SA CREU NOVA &#8211; PETIT PALAIS ART &amp; SPA, utiliza Google Analytics, una herramienta de anal\u00edtica web desarrollada por Google, que ayuda a los propietarios de sitios web a medir c\u00f3mo interact\u00faan los usuarios con el contenido del sitio.\u00a0 Para la prestaci\u00f3n de estos servicios, Google Analytics utilizan cookies que recopilan la informaci\u00f3n, incluida la direcci\u00f3n IP del usuario que ser\u00e1 trasmitida, tratada y almacenada por Google en los t\u00e9rminos fijados en la web Google.com.<\/p>\n<p>Esta web puede contener enlaces a sitios web de terceros con pol\u00edticas de privacidad ajenas a nuestra web\u00a0que usted podr\u00e1 decidir si acepta o no cuando acceda a ellos.<\/p>\n<p>El dominio web <a href=\"https:\/\/sacreunova.com\/\"><u>https:\/\/sacreunova.com\/<\/u><\/a> \u00a0utiliza los siguientes tipos de cookies:<\/p>\n<p>&nbsp;<\/p>\n<table width=\"100%\">\n<thead>\n<tr>\n<td><strong>Propiedad<\/strong><\/td>\n<td><strong>Nombre de la cookie<\/strong><\/td>\n<td><strong>Finalidad<\/strong><\/td>\n<td><strong>Expira<\/strong><\/td>\n<\/tr>\n<\/thead>\n<tbody>\n<tr>\n<td><a href=\"https:\/\/sacreunova.com\/\">https:\/\/sacreunova.com\/<\/a><\/td>\n<td>__Secure-1PAPISID<\/td>\n<td>Cookie necesaria para la utilizaci\u00f3n de las opciones y servicios del sitio web<\/td>\n<td>1 a\u00f1o<\/td>\n<\/tr>\n<tr>\n<td><a href=\"https:\/\/sacreunova.com\/\">https:\/\/sacreunova.com\/<\/a><\/td>\n<td>__Secure-1PSID<\/td>\n<td>Cookie necesaria para la utilizaci\u00f3n de las opciones y servicios del sitio web<\/td>\n<td>1 a\u00f1o<\/td>\n<\/tr>\n<tr>\n<td><a href=\"https:\/\/sacreunova.com\/\">https:\/\/sacreunova.com\/<\/a><\/td>\n<td>__Secure-1PSIDCC<\/td>\n<td>Cookie necesaria para la utilizaci\u00f3n de las opciones y servicios del sitio web<\/td>\n<td>1 a\u00f1o<\/td>\n<\/tr>\n<tr>\n<td><a href=\"https:\/\/sacreunova.com\/\">https:\/\/sacreunova.com\/<\/a><\/td>\n<td>__Secure-1PSIDTS<\/td>\n<td>Cookie necesaria para la utilizaci\u00f3n de las opciones y servicios del sitio web<\/td>\n<td>1 a\u00f1o<\/td>\n<\/tr>\n<tr>\n<td><a href=\"https:\/\/sacreunova.com\/\">https:\/\/sacreunova.com\/<\/a><\/td>\n<td>__Secure-3PAPISID<\/td>\n<td>Estas\u00a0cookies\u00a0se utilizan para entregar anuncios m\u00e1s relevantes para el usuario y sus intereses<\/td>\n<td>2 a\u00f1os<\/td>\n<\/tr>\n<tr>\n<td><a href=\"https:\/\/sacreunova.com\/\">https:\/\/sacreunova.com\/<\/a><\/td>\n<td>__Secure-3PSID<\/td>\n<td>Estas\u00a0cookies\u00a0se utilizan para entregar anuncios m\u00e1s relevantes para el usuario y sus intereses<\/td>\n<td>2 a\u00f1os<\/td>\n<\/tr>\n<tr>\n<td><a href=\"https:\/\/sacreunova.com\/\">https:\/\/sacreunova.com\/<\/a><\/td>\n<td>__Secure-3PSIDCC<\/td>\n<td>Estas\u00a0cookies\u00a0se utilizan para entregar anuncios m\u00e1s relevantes para el usuario y sus intereses<\/td>\n<td>2 a\u00f1os<\/td>\n<\/tr>\n<tr>\n<td><a href=\"https:\/\/sacreunova.com\/\">https:\/\/sacreunova.com\/<\/a><\/td>\n<td>__Secure-3PSIDTS<\/td>\n<td>Estas\u00a0cookies\u00a0se utilizan para entregar anuncios m\u00e1s relevantes para el usuario y sus intereses<\/td>\n<td>2 a\u00f1os<\/td>\n<\/tr>\n<tr>\n<td><a href=\"https:\/\/sacreunova.com\/\">https:\/\/sacreunova.com\/<\/a><\/td>\n<td>__Secure-ENID<\/td>\n<td>Google permite personalizar como se ven los anuncios fuera de google o almacenar informaci\u00f3n como el idioma preferido a la hora de mostrar resultados de b\u00fasqueda.<\/td>\n<td>2 a\u00f1os<\/td>\n<\/tr>\n<tr>\n<td><a href=\"https:\/\/sacreunova.com\/\">https:\/\/sacreunova.com\/<\/a><\/td>\n<td>_fbp<\/td>\n<td>Cookie necesaria para proporcionar una serie de productos publicitarios.<\/td>\n<td>3 meses<\/td>\n<\/tr>\n<tr>\n<td><a href=\"https:\/\/sacreunova.com\/\">https:\/\/sacreunova.com\/<\/a><\/td>\n<td>_ga<\/td>\n<td>Habilita la funci\u00f3n de control de visitas \u00fanicas. La primera vez que un usuario entra en un sitio web a trav\u00e9s de un navegador se instalar\u00e1 esta cookie. Cuando este usuario vuelva a entrar en la web con el mismo navegador, la cookie considerar\u00e1 que es el mismo usuario. S\u00f3lo en el caso que el usuario cambie de navegador, se considerar\u00e1 que es otro usuario.<\/td>\n<td>2 a\u00f1os<\/td>\n<\/tr>\n<tr>\n<td><a href=\"https:\/\/sacreunova.com\/\">https:\/\/sacreunova.com\/<\/a><\/td>\n<td>_gcl_au<\/td>\n<td>Usada por Google para experimentar con la eficiencia de los anuncios en los sitios web.<\/td>\n<td>3 meses<\/td>\n<\/tr>\n<tr>\n<td><a href=\"https:\/\/sacreunova.com\/\">https:\/\/sacreunova.com\/<\/a><\/td>\n<td>_GRECAPTCHA<\/td>\n<td>Se utiliza con fines de segmentaci\u00f3n para crear un perfil de los intereses del visitante del sitio web con el fin de mostrar publicidad relevante y personalizada de Google.<\/td>\n<td>2 a\u00f1os<\/td>\n<\/tr>\n<tr>\n<td><a href=\"https:\/\/sacreunova.com\/\">https:\/\/sacreunova.com\/<\/a><\/td>\n<td>AEC<\/td>\n<td>Cookie necesaria para la utilizaci\u00f3n de las opciones y servicios del sitio web.<\/td>\n<td>1 a\u00f1o<\/td>\n<\/tr>\n<tr>\n<td><a href=\"https:\/\/sacreunova.com\/\">https:\/\/sacreunova.com\/<\/a><\/td>\n<td>APISID<\/td>\n<td>Cookie que almacena las preferencias del usuario en Google.<\/td>\n<td>2 a\u00f1os<\/td>\n<\/tr>\n<tr>\n<td><a href=\"https:\/\/td.doubleclick.net\">https:\/\/td.doubleclick.net<\/a><\/td>\n<td>ar_debug<\/td>\n<td>Es una de las principales cookies utilizadas por google para los anuncios y se almacena en navegadores en el dominio doubleclick.net.<\/td>\n<td>1 mes<\/td>\n<\/tr>\n<tr>\n<td><a href=\"https:\/\/sacreunova.com\/\">https:\/\/sacreunova.com\/<\/a><\/td>\n<td>cookieyes-consent<\/td>\n<td>CookieYes establece esta cookie para recordar las preferencias de consentimiento de los usuarios, de modo que sus preferencias sean respetadas en visitas posteriores a este sitio<\/td>\n<td>2 a\u00f1os<\/td>\n<\/tr>\n<tr>\n<td><a href=\"https:\/\/sacreunova.com\/\">https:\/\/sacreunova.com\/<\/a><\/td>\n<td>HSID<\/td>\n<td>Cookie que sirve para almacenar las preferencias del usuario en Google.<\/td>\n<td>La sesi\u00f3n<\/td>\n<\/tr>\n<tr>\n<td><a href=\"https:\/\/td.doubleclick.net\">https:\/\/td.doubleclick.net<\/a><\/td>\n<td>IDE<\/td>\n<td>Se usa para mostrar anuncios de Google en sitios web que no son de Google<\/td>\n<td>2 a\u00f1os<\/td>\n<\/tr>\n<tr>\n<td><a href=\"https:\/\/td.doubleclick.net\">https:\/\/sacreunova.com\/<\/a><\/td>\n<td>NID<\/td>\n<td>Se usa para mostrar anuncios de Google en los servicios de Google a los usuarios que no tengan la sesi\u00f3n iniciada.<\/td>\n<td>6 meses<\/td>\n<\/tr>\n<tr>\n<td><a href=\"https:\/\/sacreunova.com\/\">https:\/\/sacreunova.com\/<\/a><\/td>\n<td>SAPISID<\/td>\n<td>Esta cookie almacena las preferencias del usuario en Google.<\/td>\n<td>La sesi\u00f3n<\/td>\n<\/tr>\n<tr>\n<td><a href=\"https:\/\/sacreunova.com\/\">https:\/\/sacreunova.com\/<\/a><\/td>\n<td>SEARCH_SAMESITE<\/td>\n<td>Esta cookie sirve para enviar el correcto env\u00edo de datos a google.<\/td>\n<td>4 meses<\/td>\n<\/tr>\n<tr>\n<td><a href=\"https:\/\/sacreunova.com\/\">https:\/\/sacreunova.com\/<\/a><\/td>\n<td>SID<\/td>\n<td>Esta cookie sirve para proporcionar entrega de anuncios o proporcionar prevenci\u00f3n de fraude.<\/td>\n<td>2 a\u00f1os<\/td>\n<\/tr>\n<tr>\n<td><a href=\"https:\/\/sacreunova.com\/\">https:\/\/sacreunova.com\/<\/a><\/td>\n<td>SIDCC<\/td>\n<td>Esta cookie sirve para proporcionar entrega de anuncios o proporcionar prevenci\u00f3n de fraude.<\/td>\n<td>2 a\u00f1os<\/td>\n<\/tr>\n<tr>\n<td><a href=\"https:\/\/sacreunova.com\/\">https:\/\/sacreunova.com\/<\/a><\/td>\n<td>SOCS<\/td>\n<td>Se usa para almacenar el estado de un usuario en relaci\u00f3n con sus elecciones de cookies.<\/td>\n<td>13 meses<\/td>\n<\/tr>\n<tr>\n<td><a href=\"https:\/\/sacreunova.com\/\">https:\/\/sacreunova.com\/<\/a><\/td>\n<td>SSID<\/td>\n<td>Cookie que almacena informaci\u00f3n, identificadores y preferencias de Google.<\/td>\n<td>2 a\u00f1os<\/td>\n<\/tr>\n<\/tbody>\n<\/table>\n<h2>\u00bfC\u00d3MO DESACTIVAR COOKIES?<\/h2>\n<p>Puede permitir, bloquear o eliminar las cookies instaladas en su equipo mediante la configuraci\u00f3n de las opciones del navegador instalado en su ordenador.<\/p>\n<ul>\n<li>Firefox : <a href=\"https:\/\/support.mozilla.org\/es\/kb\/habilitar-y-deshabilitar-cookies-sitios-web-rastrear-preferencias?redirectlocale=es&amp;redirectslug=habilitar-y-deshabilitar-cookies-que-los-sitios-we\">https:\/\/support.mozilla.org\/es\/kb\/habilitar-y-deshabilitar-cookies-sitios-web-rastrear-preferencias?redirectlocale=es&amp;redirectslug=habilitar-y-deshabilitar-cookies-que-los-sitios-we<\/a><\/li>\n<li>Chrome: <a href=\"https:\/\/support.google.com\/chrome\/answer\/95647?hl=es\">https:\/\/support.google.com\/chrome\/answer\/95647?hl=es<\/a><\/li>\n<li>Internet Explorer: <a href=\"https:\/\/support.microsoft.com\/es-es\/products\/windows?os=windows-10\">https:\/\/support.microsoft.com\/es-es\/products\/windows?os=windows-10<\/a><\/li>\n<li>Safari: <a href=\"https:\/\/support.apple.com\/kb\/ph5042?locale=es_ES\">https:\/\/support.apple.com\/kb\/ph5042?locale=es_ES<\/a><\/li>\n<li>Safari para iOS: <a href=\"https:\/\/support.apple.com\/es-es\/HT201265\">https:\/\/support.apple.com\/es-es\/HT201265<\/a><\/li>\n<li>Opera: <a href=\"http:\/\/help.opera.com\/Windows\/11.50\/es-ES\/cookies.html\">http:\/\/help.opera.com\/Windows\/11.50\/es-ES\/cookies.html<\/a><\/li>\n<\/ul>\n<h3>Ejercicio de derechos<\/h3>\n<p>Puede conocer y ejercer sus derechos en materia de protecci\u00f3n de datos accediendo a nuestra pol\u00edtica de privacidad <a href=\"https:\/\/sacreunova.com\/\/politica-de-privacidad\/\"><u>https:\/\/sacreunova.com\/\/politica-de-privacidad\/ <\/u><strong>\u00a0<\/strong><\/a><\/p>\n<h3>Informaci\u00f3n adicional<\/h3>\n<p>Pueden consultar m\u00e1s informaci\u00f3n en la gu\u00eda sobre el uso de las cookies editada por la AEPD en el siguiente enlace: <a href=\"https:\/\/www.aepd.es\/es\/documento\/guia-cookies.pdf\">https:\/\/www.aepd.es\/es\/documento\/guia-cookies.pdf<\/a><\/p>\n","protected":false},"excerpt":{"rendered":"<p>Actualizada:feb. -25 El sitio web https:\/\/sacreunova.com\/ es responsabilidad de R.E. CAMPOS INV, S.L. (en adelante SA CREU NOVA &#8211; PETIT PALAIS ART &amp; SPA), con domicilio social en C\/Nou, 10 &#8211; 07630 &#8211; Campos (Mallorca) Islas Baleares con CIF: B65740581 y direcci\u00f3n de correo electr\u00f3nico info@sacreunova.com. Consecuentemente, la utilizaci\u00f3n de cookies se le aplica la [&hellip;]<\/p>\n","protected":false},"author":2,"featured_media":0,"parent":0,"menu_order":1000,"comment_status":"closed","ping_status":"closed","template":"","meta":{"footnotes":""},"class_list":["post-91","page","type-page","status-publish","hentry"],"yoast_head":"<!-- This site is optimized with the Yoast SEO plugin v26.3 - https:\/\/yoast.com\/wordpress\/plugins\/seo\/ -->\n<title>Pol\u00edtica de Cookies &#8212; Sa Creu Nova<\/title>\n<meta name=\"robots\" content=\"index, follow, max-snippet:-1, max-image-preview:large, max-video-preview:-1\" \/>\n<link rel=\"canonical\" href=\"https:\/\/sacreunova.com\/es\/politica-de-cookies\/\" \/>\n<meta property=\"og:locale\" content=\"es_ES\" \/>\n<meta property=\"og:type\" content=\"article\" \/>\n<meta property=\"og:title\" content=\"Pol\u00edtica de Cookies &#8212; Sa Creu Nova\" \/>\n<meta property=\"og:description\" content=\"Actualizada:feb. -25 El sitio web https:\/\/sacreunova.com\/ es responsabilidad de R.E. CAMPOS INV, S.L. (en adelante SA CREU NOVA &#8211; PETIT PALAIS ART &amp; SPA), con domicilio social en C\/Nou, 10 &#8211; 07630 &#8211; Campos (Mallorca) Islas Baleares con CIF: B65740581 y direcci\u00f3n de correo electr\u00f3nico info@sacreunova.com. Consecuentemente, la utilizaci\u00f3n de cookies se le aplica la [&hellip;]\" \/>\n<meta property=\"og:url\" content=\"https:\/\/sacreunova.com\/es\/politica-de-cookies\/\" \/>\n<meta property=\"og:site_name\" content=\"Sa Creu Nova\" \/>\n<meta property=\"article:modified_time\" content=\"2025-02-17T15:11:23+00:00\" \/>\n<meta name=\"twitter:card\" content=\"summary_large_image\" \/>\n<meta name=\"twitter:label1\" content=\"Tiempo de lectura\" \/>\n\t<meta name=\"twitter:data1\" content=\"7 minutos\" \/>\n<script type=\"application\/ld+json\" class=\"yoast-schema-graph\">{\"@context\":\"https:\/\/schema.org\",\"@graph\":[{\"@type\":\"WebPage\",\"@id\":\"https:\/\/sacreunova.com\/es\/politica-de-cookies\/\",\"url\":\"https:\/\/sacreunova.com\/es\/politica-de-cookies\/\",\"name\":\"Pol\u00edtica de Cookies &#8212; Sa Creu Nova\",\"isPartOf\":{\"@id\":\"https:\/\/sacreunova.com\/es\/#website\"},\"datePublished\":\"2024-12-13T11:13:46+00:00\",\"dateModified\":\"2025-02-17T15:11:23+00:00\",\"breadcrumb\":{\"@id\":\"https:\/\/sacreunova.com\/es\/politica-de-cookies\/#breadcrumb\"},\"inLanguage\":\"es\",\"potentialAction\":[{\"@type\":\"ReadAction\",\"target\":[\"https:\/\/sacreunova.com\/es\/politica-de-cookies\/\"]}]},{\"@type\":\"BreadcrumbList\",\"@id\":\"https:\/\/sacreunova.com\/es\/politica-de-cookies\/#breadcrumb\",\"itemListElement\":[{\"@type\":\"ListItem\",\"position\":1,\"name\":\"Portada\",\"item\":\"https:\/\/sacreunova.com\/es\/\"},{\"@type\":\"ListItem\",\"position\":2,\"name\":\"Pol\u00edtica de Cookies\"}]},{\"@type\":\"WebSite\",\"@id\":\"https:\/\/sacreunova.com\/es\/#website\",\"url\":\"https:\/\/sacreunova.com\/es\/\",\"name\":\"Sa Creu Nova\",\"description\":\"Tranquilidad y lujo en perfecta armon\u00eda\",\"potentialAction\":[{\"@type\":\"SearchAction\",\"target\":{\"@type\":\"EntryPoint\",\"urlTemplate\":\"https:\/\/sacreunova.com\/es\/?s={search_term_string}\"},\"query-input\":{\"@type\":\"PropertyValueSpecification\",\"valueRequired\":true,\"valueName\":\"search_term_string\"}}],\"inLanguage\":\"es\"}]}<\/script>\n<!-- \/ Yoast SEO plugin. -->","yoast_head_json":{"title":"Pol\u00edtica de Cookies &#8212; Sa Creu Nova","robots":{"index":"index","follow":"follow","max-snippet":"max-snippet:-1","max-image-preview":"max-image-preview:large","max-video-preview":"max-video-preview:-1"},"canonical":"https:\/\/sacreunova.com\/es\/politica-de-cookies\/","og_locale":"es_ES","og_type":"article","og_title":"Pol\u00edtica de Cookies &#8212; Sa Creu Nova","og_description":"Actualizada:feb. -25 El sitio web https:\/\/sacreunova.com\/ es responsabilidad de R.E. CAMPOS INV, S.L. (en adelante SA CREU NOVA &#8211; PETIT PALAIS ART &amp; SPA), con domicilio social en C\/Nou, 10 &#8211; 07630 &#8211; Campos (Mallorca) Islas Baleares con CIF: B65740581 y direcci\u00f3n de correo electr\u00f3nico info@sacreunova.com. Consecuentemente, la utilizaci\u00f3n de cookies se le aplica la [&hellip;]","og_url":"https:\/\/sacreunova.com\/es\/politica-de-cookies\/","og_site_name":"Sa Creu Nova","article_modified_time":"2025-02-17T15:11:23+00:00","twitter_card":"summary_large_image","twitter_misc":{"Tiempo de lectura":"7 minutos"},"schema":{"@context":"https:\/\/schema.org","@graph":[{"@type":"WebPage","@id":"https:\/\/sacreunova.com\/es\/politica-de-cookies\/","url":"https:\/\/sacreunova.com\/es\/politica-de-cookies\/","name":"Pol\u00edtica de Cookies &#8212; Sa Creu Nova","isPartOf":{"@id":"https:\/\/sacreunova.com\/es\/#website"},"datePublished":"2024-12-13T11:13:46+00:00","dateModified":"2025-02-17T15:11:23+00:00","breadcrumb":{"@id":"https:\/\/sacreunova.com\/es\/politica-de-cookies\/#breadcrumb"},"inLanguage":"es","potentialAction":[{"@type":"ReadAction","target":["https:\/\/sacreunova.com\/es\/politica-de-cookies\/"]}]},{"@type":"BreadcrumbList","@id":"https:\/\/sacreunova.com\/es\/politica-de-cookies\/#breadcrumb","itemListElement":[{"@type":"ListItem","position":1,"name":"Portada","item":"https:\/\/sacreunova.com\/es\/"},{"@type":"ListItem","position":2,"name":"Pol\u00edtica de Cookies"}]},{"@type":"WebSite","@id":"https:\/\/sacreunova.com\/es\/#website","url":"https:\/\/sacreunova.com\/es\/","name":"Sa Creu Nova","description":"Tranquilidad y lujo en perfecta armon\u00eda","potentialAction":[{"@type":"SearchAction","target":{"@type":"EntryPoint","urlTemplate":"https:\/\/sacreunova.com\/es\/?s={search_term_string}"},"query-input":{"@type":"PropertyValueSpecification","valueRequired":true,"valueName":"search_term_string"}}],"inLanguage":"es"}]}},"_links":{"self":[{"href":"https:\/\/sacreunova.com\/es\/wp-json\/wp\/v2\/pages\/91","targetHints":{"allow":["GET"]}}],"collection":[{"href":"https:\/\/sacreunova.com\/es\/wp-json\/wp\/v2\/pages"}],"about":[{"href":"https:\/\/sacreunova.com\/es\/wp-json\/wp\/v2\/types\/page"}],"author":[{"embeddable":true,"href":"https:\/\/sacreunova.com\/es\/wp-json\/wp\/v2\/users\/2"}],"replies":[{"embeddable":true,"href":"https:\/\/sacreunova.com\/es\/wp-json\/wp\/v2\/comments?post=91"}],"version-history":[{"count":14,"href":"https:\/\/sacreunova.com\/es\/wp-json\/wp\/v2\/pages\/91\/revisions"}],"predecessor-version":[{"id":1039,"href":"https:\/\/sacreunova.com\/es\/wp-json\/wp\/v2\/pages\/91\/revisions\/1039"}],"wp:attachment":[{"href":"https:\/\/sacreunova.com\/es\/wp-json\/wp\/v2\/media?parent=91"}],"curies":[{"name":"wp","href":"https:\/\/api.w.org\/{rel}","templated":true}]}}