{"id":51,"date":"2024-12-13T11:08:56","date_gmt":"2024-12-13T11:08:56","guid":{"rendered":"https:\/\/sacreunova.com\/?page_id=51"},"modified":"2025-05-08T11:24:05","modified_gmt":"2025-05-08T10:24:05","slug":"galeria","status":"publish","type":"page","link":"https:\/\/sacreunova.com\/es\/petit-palais\/galeria\/","title":{"rendered":"Galer\u00eda"},"content":{"rendered":"","protected":false},"excerpt":{"rendered":"","protected":false},"author":2,"featured_media":0,"parent":45,"menu_order":30,"comment_status":"closed","ping_status":"closed","template":"template-modular.php","meta":{"footnotes":""},"class_list":["post-51","page","type-page","status-publish","hentry"],"yoast_head":"<!-- This site is optimized with the Yoast SEO plugin v26.3 - https:\/\/yoast.com\/wordpress\/plugins\/seo\/ -->\n<title>Galer\u00eda | Sa Creu Nova Petit Palais Art &amp; Spa en Mallorca<\/title>\n<meta name=\"description\" content=\"Explora la galer\u00eda de Sa Creu Nova Petit Palais Art &amp; Spa y descubre en im\u00e1genes nuestro hotel boutique 5 estrellas en Mallorca.\" \/>\n<meta name=\"robots\" content=\"index, follow, max-snippet:-1, max-image-preview:large, max-video-preview:-1\" \/>\n<link rel=\"canonical\" href=\"https:\/\/sacreunova.com\/es\/petit-palais\/galeria\/\" \/>\n<meta property=\"og:locale\" content=\"es_ES\" \/>\n<meta property=\"og:type\" content=\"article\" \/>\n<meta property=\"og:title\" content=\"Galer\u00eda | Sa Creu Nova Petit Palais Art &amp; Spa en Mallorca\" \/>\n<meta property=\"og:description\" content=\"Explora la galer\u00eda de Sa Creu Nova Petit Palais Art &amp; Spa y descubre en im\u00e1genes nuestro hotel boutique 5 estrellas en Mallorca.\" \/>\n<meta property=\"og:url\" content=\"https:\/\/sacreunova.com\/es\/petit-palais\/galeria\/\" \/>\n<meta property=\"og:site_name\" content=\"Sa Creu Nova\" \/>\n<meta property=\"article:modified_time\" content=\"2025-05-08T10:24:05+00:00\" \/>\n<meta name=\"twitter:card\" content=\"summary_large_image\" \/>\n<script type=\"application\/ld+json\" class=\"yoast-schema-graph\">{\"@context\":\"https:\/\/schema.org\",\"@graph\":[{\"@type\":\"WebPage\",\"@id\":\"https:\/\/sacreunova.com\/es\/petit-palais\/galeria\/\",\"url\":\"https:\/\/sacreunova.com\/es\/petit-palais\/galeria\/\",\"name\":\"Galer\u00eda | Sa Creu Nova Petit Palais Art & Spa en Mallorca\",\"isPartOf\":{\"@id\":\"https:\/\/sacreunova.com\/es\/#website\"},\"datePublished\":\"2024-12-13T11:08:56+00:00\",\"dateModified\":\"2025-05-08T10:24:05+00:00\",\"description\":\"Explora la galer\u00eda de Sa Creu Nova Petit Palais Art & Spa y descubre en im\u00e1genes nuestro hotel boutique 5 estrellas en Mallorca.\",\"breadcrumb\":{\"@id\":\"https:\/\/sacreunova.com\/es\/petit-palais\/galeria\/#breadcrumb\"},\"inLanguage\":\"es\",\"potentialAction\":[{\"@type\":\"ReadAction\",\"target\":[\"https:\/\/sacreunova.com\/es\/petit-palais\/galeria\/\"]}]},{\"@type\":\"BreadcrumbList\",\"@id\":\"https:\/\/sacreunova.com\/es\/petit-palais\/galeria\/#breadcrumb\",\"itemListElement\":[{\"@type\":\"ListItem\",\"position\":1,\"name\":\"Portada\",\"item\":\"https:\/\/sacreunova.com\/es\/\"},{\"@type\":\"ListItem\",\"position\":2,\"name\":\"Petit Palais\",\"item\":\"https:\/\/sacreunova.com\/es\/petit-palais\/\"},{\"@type\":\"ListItem\",\"position\":3,\"name\":\"Galer\u00eda\"}]},{\"@type\":\"WebSite\",\"@id\":\"https:\/\/sacreunova.com\/es\/#website\",\"url\":\"https:\/\/sacreunova.com\/es\/\",\"name\":\"Sa Creu Nova\",\"description\":\"Tranquilidad y lujo en perfecta armon\u00eda\",\"potentialAction\":[{\"@type\":\"SearchAction\",\"target\":{\"@type\":\"EntryPoint\",\"urlTemplate\":\"https:\/\/sacreunova.com\/es\/?s={search_term_string}\"},\"query-input\":{\"@type\":\"PropertyValueSpecification\",\"valueRequired\":true,\"valueName\":\"search_term_string\"}}],\"inLanguage\":\"es\"}]}<\/script>\n<!-- \/ Yoast SEO plugin. -->","yoast_head_json":{"title":"Galer\u00eda | Sa Creu Nova Petit Palais Art & Spa en Mallorca","description":"Explora la galer\u00eda de Sa Creu Nova Petit Palais Art & Spa y descubre en im\u00e1genes nuestro hotel boutique 5 estrellas en Mallorca.","robots":{"index":"index","follow":"follow","max-snippet":"max-snippet:-1","max-image-preview":"max-image-preview:large","max-video-preview":"max-video-preview:-1"},"canonical":"https:\/\/sacreunova.com\/es\/petit-palais\/galeria\/","og_locale":"es_ES","og_type":"article","og_title":"Galer\u00eda | Sa Creu Nova Petit Palais Art & Spa en Mallorca","og_description":"Explora la galer\u00eda de Sa Creu Nova Petit Palais Art & Spa y descubre en im\u00e1genes nuestro hotel boutique 5 estrellas en Mallorca.","og_url":"https:\/\/sacreunova.com\/es\/petit-palais\/galeria\/","og_site_name":"Sa Creu Nova","article_modified_time":"2025-05-08T10:24:05+00:00","twitter_card":"summary_large_image","schema":{"@context":"https:\/\/schema.org","@graph":[{"@type":"WebPage","@id":"https:\/\/sacreunova.com\/es\/petit-palais\/galeria\/","url":"https:\/\/sacreunova.com\/es\/petit-palais\/galeria\/","name":"Galer\u00eda | Sa Creu Nova Petit Palais Art & Spa en Mallorca","isPartOf":{"@id":"https:\/\/sacreunova.com\/es\/#website"},"datePublished":"2024-12-13T11:08:56+00:00","dateModified":"2025-05-08T10:24:05+00:00","description":"Explora la galer\u00eda de Sa Creu Nova Petit Palais Art & Spa y descubre en im\u00e1genes nuestro hotel boutique 5 estrellas en Mallorca.","breadcrumb":{"@id":"https:\/\/sacreunova.com\/es\/petit-palais\/galeria\/#breadcrumb"},"inLanguage":"es","potentialAction":[{"@type":"ReadAction","target":["https:\/\/sacreunova.com\/es\/petit-palais\/galeria\/"]}]},{"@type":"BreadcrumbList","@id":"https:\/\/sacreunova.com\/es\/petit-palais\/galeria\/#breadcrumb","itemListElement":[{"@type":"ListItem","position":1,"name":"Portada","item":"https:\/\/sacreunova.com\/es\/"},{"@type":"ListItem","position":2,"name":"Petit Palais","item":"https:\/\/sacreunova.com\/es\/petit-palais\/"},{"@type":"ListItem","position":3,"name":"Galer\u00eda"}]},{"@type":"WebSite","@id":"https:\/\/sacreunova.com\/es\/#website","url":"https:\/\/sacreunova.com\/es\/","name":"Sa Creu Nova","description":"Tranquilidad y lujo en perfecta armon\u00eda","potentialAction":[{"@type":"SearchAction","target":{"@type":"EntryPoint","urlTemplate":"https:\/\/sacreunova.com\/es\/?s={search_term_string}"},"query-input":{"@type":"PropertyValueSpecification","valueRequired":true,"valueName":"search_term_string"}}],"inLanguage":"es"}]}},"_links":{"self":[{"href":"https:\/\/sacreunova.com\/es\/wp-json\/wp\/v2\/pages\/51","targetHints":{"allow":["GET"]}}],"collection":[{"href":"https:\/\/sacreunova.com\/es\/wp-json\/wp\/v2\/pages"}],"about":[{"href":"https:\/\/sacreunova.com\/es\/wp-json\/wp\/v2\/types\/page"}],"author":[{"embeddable":true,"href":"https:\/\/sacreunova.com\/es\/wp-json\/wp\/v2\/users\/2"}],"replies":[{"embeddable":true,"href":"https:\/\/sacreunova.com\/es\/wp-json\/wp\/v2\/comments?post=51"}],"version-history":[{"count":2,"href":"https:\/\/sacreunova.com\/es\/wp-json\/wp\/v2\/pages\/51\/revisions"}],"predecessor-version":[{"id":1662,"href":"https:\/\/sacreunova.com\/es\/wp-json\/wp\/v2\/pages\/51\/revisions\/1662"}],"up":[{"embeddable":true,"href":"https:\/\/sacreunova.com\/es\/wp-json\/wp\/v2\/pages\/45"}],"wp:attachment":[{"href":"https:\/\/sacreunova.com\/es\/wp-json\/wp\/v2\/media?parent=51"}],"curies":[{"name":"wp","href":"https:\/\/api.w.org\/{rel}","templated":true}]}}