{"id":1049,"date":"2024-12-13T11:13:46","date_gmt":"2024-12-13T11:13:46","guid":{"rendered":"https:\/\/sacreunova.com\/politica-de-cookies\/"},"modified":"2025-02-18T12:30:26","modified_gmt":"2025-02-18T12:30:26","slug":"cookie-richtlinie","status":"publish","type":"page","link":"https:\/\/sacreunova.com\/de\/cookie-richtlinie\/","title":{"rendered":"Cookie-Richtlinie"},"content":{"rendered":"<p><b><i>Aktualisiert:-25. Feb.<\/i><\/b><\/p>\n<p><span style=\"font-weight: 400;\">\u00a0<\/span><\/p>\n<p><span style=\"font-weight: 400;\">Die Website <\/span><a href=\"https:\/\/sacreunova.com\/\"><span style=\"font-weight: 400;\">https:\/\/sacreunova.com\/<\/span><\/a><span style=\"font-weight: 400;\"> unterliegt der Verantwortung von R.E. CAMPOS INV, S.L. (im Folgenden SA CREU NOVA &#8211; PETIT PALAIS ART &amp; SPA), mit Sitz in C\/Nou, 10 &#8211; 07630 &#8211; Campos (Mallorca) Balearen mit CIF: B65740581 und E-Mail-Adresse info@sacreunova.com.<\/span><\/p>\n<p><span style=\"font-weight: 400;\">Folglich unterliegt die Verwendung von Cookies der vorliegenden \u201eCookie-Nutzungspolitik\u201c, die erstellt wurde, damit der Nutzer \u00fcber die verschiedenen Verwendungsm\u00f6glichkeiten dieser Ger\u00e4te informiert ist und in Kenntnis der Sachlage und in \u00dcbereinstimmung mit der geltenden Gesetzgebung seine Zustimmung zu ihrer Behandlung geben kann.<\/span><\/p>\n<p><span style=\"font-weight: 400;\">\u00a0<\/span><\/p>\n<h2>WAS IST EIN COOKIE?<span style=\"font-weight: 400;\">\u00a0<\/span><\/h2>\n<p><span style=\"font-weight: 400;\">Ein Cookie ist eine Datei, die auf Ihren Computer heruntergeladen wird, wenn der Nutzer auf bestimmte Webseiten zugreift. Cookies erm\u00f6glichen es einer Website unter anderem, Informationen \u00fcber die Surfgewohnheiten eines Nutzers oder seines Computers zu speichern und abzurufen, und je nach den darin enthaltenen Informationen und der Art und Weise, wie er seinen Computer benutzt, k\u00f6nnen sie dazu verwendet werden, den Nutzer wiederzuerkennen.<\/span><\/p>\n<p><span style=\"font-weight: 400;\">\u00a0<\/span><\/p>\n<p>&nbsp;<\/p>\n<h2>WELCHE ARTEN VON COOKIES GIBT ES?<\/h2>\n<p><span style=\"font-weight: 400;\">Es gibt verschiedene Arten von Cookies, die von unterschiedlichen Kriterien abh\u00e4ngen:<\/span><\/p>\n<p><span style=\"font-weight: 400;\">Je nachdem, wie lange sie aktiviert bleiben:<\/span><\/p>\n<ul>\n<li style=\"font-weight: 400;\" aria-level=\"1\"><span style=\"font-weight: 400;\">Sitzungscookies. Es handelt sich um eine Art von Cookies, die dazu dienen, Daten zu sammeln und zu speichern, w\u00e4hrend der Nutzer auf eine Website zugreift.<\/span><\/li>\n<li style=\"font-weight: 400;\" aria-level=\"1\"><span style=\"font-weight: 400;\">Permanente Cookies: Hierbei handelt es sich um einen Cookie-Typ, bei dem die Daten auf dem Endger\u00e4t gespeichert bleiben und f\u00fcr einen bestimmten Zeitraum von der f\u00fcr den Cookie verantwortlichen Partei abgerufen und verarbeitet werden k\u00f6nnen.<\/span><\/li>\n<\/ul>\n<p><span style=\"font-weight: 400;\">\u00a0<\/span><\/p>\n<p><span style=\"font-weight: 400;\">Je nach Eigent\u00fcmerschaft:<\/span><\/p>\n<ul>\n<li style=\"font-weight: 400;\" aria-level=\"1\"><span style=\"font-weight: 400;\">Eigene Cookies. Dies sind die Cookies, die der SA CREU NOVA &#8211; PETIT PALAIS ART &amp; SPA geh\u00f6ren.<\/span><\/li>\n<li style=\"font-weight: 400;\" aria-level=\"1\"><span style=\"font-weight: 400;\">Cookies von Dritten. Es handelt sich um Cookies, die einem Dritten geh\u00f6ren, der nicht SA CREU NOVA &#8211; PETIT PALAIS ART &amp; SPA ist und die gesammelten Informationen verarbeitet.<\/span><\/li>\n<\/ul>\n<p><span style=\"font-weight: 400;\">\u00a0<\/span><\/p>\n<p><span style=\"font-weight: 400;\">Je nach ihrem Zweck:<\/span><\/p>\n<ul>\n<li style=\"font-weight: 400;\" aria-level=\"1\"><span style=\"font-weight: 400;\">Technische und\/oder Personalisierungs-Cookies. Diese Cookies werden verwendet, um den Service zu verbessern, Vorf\u00e4lle zu lokalisieren, den Benutzer wiederzuerkennen, usw.<\/span><\/li>\n<li style=\"font-weight: 400;\" aria-level=\"1\"><span style=\"font-weight: 400;\">Analyse- und\/oder Werbe-Cookies. Diese dienen dazu, Informationen \u00fcber das Surfen zu analysieren und generische oder personalisierte Werbung anzubieten.<\/span><\/li>\n<\/ul>\n<p>&nbsp;<\/p>\n<h2>WELCHE ARTEN VON COOKIES SIND AM H\u00c4UFIGSTEN ANZUTREFFEN?<\/h2>\n<p><span style=\"font-weight: 400;\">\u00a0<\/span><\/p>\n<p><b>TECHNISCH:<\/b><span style=\"font-weight: 400;\"> Es handelt sich um EIGENE Cookies, Sitzungscookies, Identifizierungscookies, Konfigurationscookies und Registrierungscookies, die f\u00fcr die Identifizierung des Nutzers und die Bereitstellung der vom Nutzer angeforderten Dienste unbedingt erforderlich sind. Die durch diese Cookies erhaltenen Informationen werden ausschlie\u00dflich von SA CREU NOVA &#8211; PETIT PALAIS ART &amp; SPA verarbeitet.<\/span><\/p>\n<p><span style=\"font-weight: 400;\">ANALYSE-INFORMATIONEN: Informationen, die von uns oder von Dritten verarbeitet werden und die es uns erm\u00f6glichen, die Anzahl der Nutzer zu quantifizieren und somit die Nutzung des angebotenen Dienstes durch die Nutzer zu messen und statistisch zu analysieren. Zu diesem Zweck wird Ihr Surfverhalten auf unserer Website analysiert, um das Angebot an Produkten oder Dienstleistungen zu verbessern.<\/span><\/p>\n<p><span style=\"font-weight: 400;\">\u00a0<\/span><\/p>\n<p><b>WERBUNG:<\/b><span style=\"font-weight: 400;\"> Es handelt sich um Daten, die von uns oder von Dritten verarbeitet werden, um die Werbefl\u00e4chen auf unserer Website m\u00f6glichst effizient zu verwalten und\/oder Informationen \u00fcber das Nutzerverhalten zu speichern, die durch st\u00e4ndige Beobachtung gewonnen werden. Dank dieser Informationen k\u00f6nnen wir Ihre Surfgewohnheiten im Internet kennenlernen und Ihnen Werbung anzeigen, die Ihrem Surfprofil entspricht.<\/span><\/p>\n<p>&nbsp;<\/p>\n<h2>WOF\u00dcR WIRD EIN COF\u00dcR WIRD EIN COOKIE VERWENDET?<\/h2>\n<p><span style=\"font-weight: 400;\">\u00a0Cookies werden verwendet, um Ihnen personalisierte Dienste und\/oder Werbung anbieten zu k\u00f6nnen, um das Funktionieren des Systems zu analysieren, um Sie zu erkennen, wenn Sie sich als Benutzer anmelden, um eventuell auftretende Vorf\u00e4lle und Probleme zu lokalisieren und so schnell wie m\u00f6glich zu l\u00f6sen und um die Nutzung und Aktivit\u00e4t der Website zu analysieren und zu messen.<\/span><\/p>\n<p>&nbsp;<\/p>\n<h2>\u00a0IST MEINE ZUSTIMMUNG ERFORDERLICH, UM EIN COOKIES ZU SETZEN?<\/h2>\n<p><span style=\"font-weight: 400;\">\u00a0F\u00fcr die Installation von technischen Cookies oder solchen, die f\u00fcr die Erbringung eines vom Empf\u00e4nger ausdr\u00fccklich gew\u00fcnschten Dienstes der Informationsgesellschaft unbedingt erforderlich sind, ist keine Zustimmung erforderlich.<\/span><\/p>\n<p><span style=\"font-weight: 400;\">\u00a0In allen anderen F\u00e4llen ist die Zustimmung des Betroffenen erforderlich, die auf unterschiedliche Weise eingeholt werden kann. Im Falle von SA CREU NOVA &#8211; PETIT PALAIS ART &amp; SPA gilt diese Zustimmung als erteilt, wenn Sie die optionalen Cookies akzeptieren, die f\u00fcr den Betrieb der Website nicht erforderlich sind. Sie k\u00f6nnen Ihre Zustimmung widerrufen und die Cookies deaktivieren, indem Sie den Abschnitt \u201eWie man Cookies deaktiviert\u201c am Ende dieses Dokuments aufrufen.<\/span><\/p>\n<p>&nbsp;<\/p>\n<table>\n<tbody>\n<tr>\n<td><b>Eigentum<\/b><\/td>\n<td><b>Cookie-Name<\/b><\/td>\n<td><b>Zweck<\/b><\/td>\n<td><b>Abgelaufen<\/b><\/td>\n<\/tr>\n<tr>\n<td><a href=\"https:\/\/sacreunova.com\/\"><b>https:\/\/sacreunova.com\/<\/b><\/a><\/td>\n<td><b>__Secure-1PAPISID<\/b><\/p>\n<p><b>\u00a0<\/b><\/td>\n<td><b>Cookies, die f\u00fcr die Nutzung der Optionen und Dienste der Website erforderlich sind.<\/b><\/td>\n<td><b>1 Jahr<\/b><\/td>\n<\/tr>\n<tr>\n<td><a href=\"https:\/\/sacreunova.com\/\"><b>https:\/\/sacreunova.com\/<\/b><\/a><\/td>\n<td><b>__Secure-1PSID<\/b><\/p>\n<p><b>\u00a0<\/b><\/td>\n<td><b>Cookies, die f\u00fcr die Nutzung der Optionen und Dienste der Website erforderlich sind.<\/b><\/td>\n<td><b>1 Jahr<\/b><\/td>\n<\/tr>\n<tr>\n<td><a href=\"https:\/\/sacreunova.com\/\"><b>https:\/\/sacreunova.com\/<\/b><\/a><\/td>\n<td><b>__Secure-1PSIDCC<\/b><\/p>\n<p><b>\u00a0<\/b><\/td>\n<td><b>Cookies, die f\u00fcr die Nutzung der Optionen und Dienste der Website erforderlich sind.<\/b><\/td>\n<td><b>1 Jahr<\/b><\/td>\n<\/tr>\n<tr>\n<td><a href=\"https:\/\/sacreunova.com\/\"><b>https:\/\/sacreunova.com\/<\/b><\/a><\/td>\n<td><b>__Secure-1PSIDTS<\/b><\/p>\n<p><b>\u00a0<\/b><\/td>\n<td><b>Cookies, die f\u00fcr die Nutzung der Optionen und Dienste der Website erforderlich sind.<\/b><\/td>\n<td><b>1 Jahr<\/b><\/td>\n<\/tr>\n<tr>\n<td><a href=\"https:\/\/sacreunova.com\/\"><b>https:\/\/sacreunova.com\/<\/b><\/a><\/td>\n<td><b>__Secure-3PAPISID<\/b><\/p>\n<p><b>\u00a0<\/b><\/td>\n<td><b>Diese Cookies werden verwendet, um Werbung zu schalten, die besser auf den Nutzer und seine Interessen zugeschnitten ist.<\/b><\/td>\n<td><b>2 Jahre<\/b><\/td>\n<\/tr>\n<tr>\n<td><a href=\"https:\/\/sacreunova.com\/\"><b>https:\/\/sacreunova.com\/<\/b><\/a><\/td>\n<td><b>__Secure-3PSID<\/b><\/p>\n<p><b>\u00a0<\/b><\/td>\n<td><b>Diese Cookies werden verwendet, um Werbung zu schalten, die besser auf den Nutzer und seine Interessen zugeschnitten ist.<\/b><\/td>\n<td><b>2 Jahre<\/b><\/td>\n<\/tr>\n<tr>\n<td><a href=\"https:\/\/sacreunova.com\/\"><b>https:\/\/sacreunova.com\/<\/b><\/a><\/td>\n<td><b>__Secure-3PSIDCC<\/b><\/p>\n<p><b>\u00a0<\/b><\/td>\n<td><b>Diese Cookies werden verwendet, um Werbung zu schalten, die besser auf den Nutzer und seine Interessen zugeschnitten ist.<\/b><\/td>\n<td><b>2 Jahre<\/b><\/td>\n<\/tr>\n<tr>\n<td><a href=\"https:\/\/sacreunova.com\/\"><b>https:\/\/sacreunova.com\/<\/b><\/a><\/td>\n<td><b>__Secure-3PSIDTS<\/b><\/p>\n<p><b>\u00a0<\/b><\/td>\n<td><b>Diese Cookies werden verwendet, um Werbung zu schalten, die besser auf den Nutzer und seine Interessen zugeschnitten ist.<\/b><\/td>\n<td><b>2 Jahre<\/b><\/td>\n<\/tr>\n<tr>\n<td><a href=\"https:\/\/sacreunova.com\/\"><b>https:\/\/sacreunova.com\/<\/b><\/a><\/td>\n<td><b>__Secure-ENID<\/b><\/p>\n<p><b>\u00a0<\/b><\/td>\n<td><b>Google erm\u00f6glicht es Ihnen, die Anzeige von Anzeigen au\u00dferhalb von Google anzupassen oder Informationen wie die bevorzugte Sprache bei der Anzeige von Suchergebnissen zu speichern.<\/b><\/p>\n<p><b>\u00a0<\/b><\/td>\n<td><b>2 Jahre<\/b><\/td>\n<\/tr>\n<tr>\n<td><a href=\"https:\/\/sacreunova.com\/\"><b>https:\/\/sacreunova.com\/<\/b><\/a><\/td>\n<td><b>_fbp<\/b><\/p>\n<p><b>\u00a0<\/b><\/td>\n<td><b>Cookie erforderlich, um eine Reihe von Werbeprodukten anzubieten.<\/b><\/p>\n<p><b>\u00a0<\/b><\/td>\n<td><b>3 Monate<\/b><\/td>\n<\/tr>\n<tr>\n<td><a href=\"https:\/\/sacreunova.com\/\"><b>https:\/\/sacreunova.com\/<\/b><\/a><\/td>\n<td><b>_ga<\/b><\/p>\n<p><b>\u00a0<\/b><\/td>\n<td><b>Aktiviert die Funktion zur eindeutigen Besucherverfolgung. Wenn ein Benutzer zum ersten Mal eine Website \u00fcber einen Browser betritt, wird dieses Cookie installiert. Wenn dieser Nutzer die Website erneut mit demselben Browser aufruft, geht das Cookie davon aus, dass es sich um denselben Nutzer handelt. Nur f\u00fcr den Fall, dass der Benutzer den Browser wechselt, wird er als ein anderer Benutzer betrachtet.<\/b><\/p>\n<p><b>\u00a0<\/b><\/td>\n<td><b>2 Jahre<\/b><\/td>\n<\/tr>\n<tr>\n<td><a href=\"https:\/\/sacreunova.com\/\"><b>https:\/\/sacreunova.com\/<\/b><\/a><\/td>\n<td><b>_gcl_au<\/b><\/p>\n<p><b>\u00a0<\/b><\/td>\n<td><b>Wird von Google verwendet, um mit der Effizienz von Anzeigen auf Websites zu experimentieren.<\/b><b>\u00a0<\/b><\/td>\n<td><b>3 Monate<\/b><\/td>\n<\/tr>\n<tr>\n<td><a href=\"https:\/\/sacreunova.com\/\"><b>https:\/\/sacreunova.com\/<\/b><\/a><\/td>\n<td><b>_GRECAPTCHA<\/b><\/p>\n<p><b>\u00a0<\/b><\/td>\n<td><b>Sie werden f\u00fcr Targeting-Zwecke verwendet, um ein Profil der Interessen des Website-Besuchers zu erstellen, damit relevante und personalisierte Werbung von Google angezeigt werden kann.\u00a0<\/b><\/p>\n<p><b>\u00a0<\/b><\/td>\n<td><b>2 Jahre<\/b><\/td>\n<\/tr>\n<tr>\n<td><a href=\"https:\/\/sacreunova.com\/\"><b>https:\/\/sacreunova.com\/<\/b><\/a><\/td>\n<td><b>AEC<\/b><\/p>\n<p><b>\u00a0<\/b><\/td>\n<td><b>Cookies, die f\u00fcr die Nutzung der Optionen und Dienste der Website erforderlich sind.<\/b><\/p>\n<p><b>\u00a0<\/b><\/td>\n<td><b>1 Jahr<\/b><\/td>\n<\/tr>\n<tr>\n<td><a href=\"https:\/\/sacreunova.com\/\"><b>https:\/\/sacreunova.com\/<\/b><\/a><\/td>\n<td><b>APISID<\/b><\/p>\n<p><b>\u00a0<\/b><\/td>\n<td><b>Cookie, das die Pr\u00e4ferenzen des Nutzers bei Google speichert.<\/b><b>\u00a0<\/b><\/td>\n<td><b>2 Jahre<\/b><\/td>\n<\/tr>\n<tr>\n<td><a href=\"https:\/\/td.doubleclick.net\"><b>https:\/\/td.doubleclick.net<\/b><\/a><\/td>\n<td><b>ar_debug<\/b><\/p>\n<p><b>\u00a0<\/b><\/td>\n<td><b>Es ist eines der wichtigsten Cookies, die von Google f\u00fcr die Werbung verwendet werden, und wird in Browsern in der Domain doubleclick.net gespeichert.<\/b><\/p>\n<p><b>\u00a0<\/b><\/td>\n<td><b>1 Monat<\/b><\/td>\n<\/tr>\n<tr>\n<td><a href=\"https:\/\/sacreunova.com\/\"><b>https:\/\/sacreunova.com\/<\/b><\/a><\/td>\n<td><b>cookieyes-consent<\/b><\/p>\n<p><b>\u00a0<\/b><\/td>\n<td><b>CookieYes setzt dieses Cookie, um sich die Einwilligungspr\u00e4ferenzen der Benutzer zu merken, so dass ihre Pr\u00e4ferenzen bei sp\u00e4teren Besuchen dieser Website beachtet werden.<\/b><\/p>\n<p><b>\u00a0<\/b><\/td>\n<td><b>2 Jahre<\/b><\/td>\n<\/tr>\n<tr>\n<td><a href=\"https:\/\/sacreunova.com\/\"><b>https:\/\/sacreunova.com\/<\/b><\/a><\/td>\n<td><b>HSID<\/b><\/p>\n<p><b>\u00a0<\/b><\/td>\n<td><b>Dieses Cookie wird verwendet, um die Pr\u00e4ferenzen des Nutzers bei Google zu speichern.<\/b><\/p>\n<p><b>\u00a0<\/b><\/td>\n<td><b>Die Sitzung<\/b><\/td>\n<\/tr>\n<tr>\n<td><a href=\"https:\/\/td.doubleclick.net\"><b>https:\/\/td.doubleclick.net<\/b><\/a><\/td>\n<td><b>IDE<\/b><\/p>\n<p><b>\u00a0<\/b><\/td>\n<td><b>Wird verwendet, um Google-Anzeigen auf Nicht-Google-Websites anzuzeigen.<\/b><\/p>\n<p><b>\u00a0<\/b><\/td>\n<td><b>2 Jahre<\/b><\/td>\n<\/tr>\n<tr>\n<td><a href=\"https:\/\/td.doubleclick.net\"><b>https:\/\/sacreunova.com\/<\/b><\/a><\/td>\n<td><b>NID<\/b><\/p>\n<p><b>\u00a0<\/b><\/td>\n<td><b>Wird verwendet, um Nutzern, die nicht eingeloggt sind, Google-Anzeigen auf Google-Diensten zu zeigen.<\/b><\/p>\n<p><b>\u00a0<\/b><\/td>\n<td><b>6 Monate<\/b><\/td>\n<\/tr>\n<tr>\n<td><a href=\"https:\/\/sacreunova.com\/\"><b>https:\/\/sacreunova.com\/<\/b><\/a><\/td>\n<td><b>SAPISID<\/b><\/p>\n<p><b>\u00a0<\/b><\/td>\n<td><b>Dieses Cookie speichert die Google-Einstellungen des Nutzers.<\/b><b>\u00a0<\/b><\/td>\n<td><b>Die Sitzung<\/b><\/td>\n<\/tr>\n<tr>\n<td><a href=\"https:\/\/sacreunova.com\/\"><b>https:\/\/sacreunova.com\/<\/b><\/a><\/td>\n<td><b>SEARCH_SAMESITE<\/b><\/p>\n<p><b>\u00a0<\/b><\/td>\n<td><b>Dieser Cookie wird verwendet, um die richtigen Daten an Google zu senden.<\/b><\/p>\n<p><b>\u00a0<\/b><\/td>\n<td><b>4 Monate<\/b><\/td>\n<\/tr>\n<tr>\n<td><a href=\"https:\/\/sacreunova.com\/\"><b>https:\/\/sacreunova.com\/<\/b><\/a><\/td>\n<td><b>SID<\/b><\/p>\n<p><b>\u00a0<\/b><\/td>\n<td><b>Dieses Cookie wird f\u00fcr die Anzeigenschaltung oder zur Betrugspr\u00e4vention verwendet.<\/b><\/td>\n<td><b>2 Jahre<\/b><\/td>\n<\/tr>\n<tr>\n<td><a href=\"https:\/\/sacreunova.com\/\"><b>https:\/\/sacreunova.com\/<\/b><\/a><\/td>\n<td><b>SIDCC<\/b><\/p>\n<p><b>\u00a0<\/b><\/td>\n<td><b>Dieses Cookie wird f\u00fcr die Anzeigenschaltung oder zur Betrugspr\u00e4vention verwendet.<\/b><b>\u00a0<\/b><\/td>\n<td><b>2 Jahre<\/b><\/td>\n<\/tr>\n<tr>\n<td><a href=\"https:\/\/sacreunova.com\/\"><b>https:\/\/sacreunova.com\/<\/b><\/a><\/td>\n<td><b>SOCS<\/b><\/p>\n<p><b>\u00a0<\/b><\/td>\n<td><b>Sie wird verwendet, um den Status eines Benutzers in Bezug auf seine Cookie-Auswahl zu speichern.<\/b><b>\u00a0<\/b><\/td>\n<td><b>13 Monate<\/b><\/td>\n<\/tr>\n<tr>\n<td><a href=\"https:\/\/sacreunova.com\/\"><b>https:\/\/sacreunova.com\/<\/b><\/a><\/td>\n<td><b>SSID<\/b><\/p>\n<p><b>\u00a0<\/b><\/td>\n<td><b>Cookie, das Informationen, Kennungen und Einstellungen von Google speichert.<\/b><\/p>\n<p><b>\u00a0<\/b><\/td>\n<td><b>2 Jahre<\/b><\/td>\n<\/tr>\n<\/tbody>\n<\/table>\n<h2>WIE KANN MAN COOKIES DEAKTIVIEREN?<\/h2>\n<p><span style=\"font-weight: 400;\">Sie k\u00f6nnen auf Ihrem Computer installierte Cookies zulassen, blockieren oder l\u00f6schen, indem Sie die Optionen des auf Ihrem Computer installierten Browsers konfigurieren.<\/span><\/p>\n<p><span style=\"font-weight: 400;\">Firefox:<\/span><a href=\"https:\/\/support.mozilla.org\/es\/kb\/habilitar-y-deshabilitar-cookies-sitios-web-rastrear-preferencias?redirectlocale=es&amp;redirectslug=habilitar-y-deshabilitar-cookies-que-los-sitios-we\"><span style=\"font-weight: 400;\">https:\/\/support.mozilla.org\/es\/kb\/habilitar-y-deshabilitar-cookies-sitios-web-rastrear-preferencias?redirectlocale=es&amp;redirectslug=habilitar-y-deshabilitar-cookies-que-los-sitios-we<\/span><\/a><\/p>\n<p><span style=\"font-weight: 400;\">Chrome: <\/span><a href=\"https:\/\/support.google.com\/chrome\/answer\/95647?hl=es\"><span style=\"font-weight: 400;\">https:\/\/support.google.com\/chrome\/answer\/95647?hl=es<\/span><\/a><\/p>\n<p><span style=\"font-weight: 400;\">Internet Explorer: <\/span><a href=\"https:\/\/support.microsoft.com\/es-es\/products\/windows?os=windows-10\"><span style=\"font-weight: 400;\">https:\/\/support.microsoft.com\/es-es\/products\/windows?os=windows-10<\/span><\/a><\/p>\n<p><span style=\"font-weight: 400;\">\u00a0Safari: <\/span><a href=\"https:\/\/support.apple.com\/kb\/ph5042?locale=es_ES\"><span style=\"font-weight: 400;\">https:\/\/support.apple.com\/kb\/ph5042?locale=es_ES<\/span><\/a><\/p>\n<ul>\n<li style=\"font-weight: 400;\" aria-level=\"1\"><span style=\"font-weight: 400;\">Safari f\u00fcr iOS: <\/span><a href=\"https:\/\/support.apple.com\/es-es\/HT201265\"><span style=\"font-weight: 400;\">https:\/\/support.apple.com\/es-es\/HT201265<\/span><\/a><\/li>\n<\/ul>\n<p><span style=\"font-weight: 400;\">Opera: <\/span><a href=\"http:\/\/help.opera.com\/Windows\/11.50\/es-ES\/cookies.html\"><span style=\"font-weight: 400;\">http:\/\/help.opera.com\/Windows\/11.50\/es-ES\/cookies.html<\/span><\/a><\/p>\n<p><span style=\"font-weight: 400;\">\u00a0<\/span><span style=\"font-weight: 400;\">\u00a0<\/span><\/p>\n<p><b>Aus\u00fcbung Ihrer Rechte<\/b><\/p>\n<p><span style=\"font-weight: 400;\">Sie k\u00f6nnen sich \u00fcber Ihre Datenschutzrechte informieren und diese aus\u00fcben, indem Sie unsere Datenschutzrichtlinie aufrufen: <\/span><a href=\"https:\/\/sacreunova.com\/\/politica-de-privacidad\/\"><span style=\"font-weight: 400;\">https:\/\/sacreunova.com\/\/politica-de-privacidad\/<\/span><\/a><\/p>\n<p><span style=\"font-weight: 400;\">\u00a0<\/span><\/p>\n<p><b>Weitere Informationen<\/b><\/p>\n<p><span style=\"font-weight: 400;\">Weitere Informationen finden Sie in dem von der AEPD ver\u00f6ffentlichten Leitfaden \u00fcber die Verwendung von Cookies unter folgendem Link: <a href=\"https:\/\/www.aepd.es\/es\/documento\/guia-cookies.pdf\">https:\/\/www.aepd.es\/es\/documento\/guia-cookies.pdf<\/a><\/span><\/p>\n","protected":false},"excerpt":{"rendered":"<p>Aktualisiert:-25. Feb. \u00a0 Die Website https:\/\/sacreunova.com\/ unterliegt der Verantwortung von R.E. CAMPOS INV, S.L. (im Folgenden SA CREU NOVA &#8211; PETIT PALAIS ART &amp; SPA), mit Sitz in C\/Nou, 10 &#8211; 07630 &#8211; Campos (Mallorca) Balearen mit CIF: B65740581 und E-Mail-Adresse info@sacreunova.com. Folglich unterliegt die Verwendung von Cookies der vorliegenden \u201eCookie-Nutzungspolitik\u201c, die erstellt wurde, damit [&hellip;]<\/p>\n","protected":false},"author":2,"featured_media":0,"parent":0,"menu_order":1000,"comment_status":"closed","ping_status":"closed","template":"","meta":{"footnotes":""},"class_list":["post-1049","page","type-page","status-publish","hentry"],"yoast_head":"<!-- This site is optimized with the Yoast SEO plugin v26.3 - https:\/\/yoast.com\/wordpress\/plugins\/seo\/ -->\n<title>Cookie-Richtlinie &#8212; Sa Creu Nova<\/title>\n<meta name=\"robots\" content=\"index, follow, max-snippet:-1, max-image-preview:large, max-video-preview:-1\" \/>\n<link rel=\"canonical\" href=\"https:\/\/sacreunova.com\/de\/cookie-richtlinie\/\" \/>\n<meta property=\"og:locale\" content=\"de_DE\" \/>\n<meta property=\"og:type\" content=\"article\" \/>\n<meta property=\"og:title\" content=\"Cookie-Richtlinie &#8212; Sa Creu Nova\" \/>\n<meta property=\"og:description\" content=\"Aktualisiert:-25. Feb. \u00a0 Die Website https:\/\/sacreunova.com\/ unterliegt der Verantwortung von R.E. CAMPOS INV, S.L. (im Folgenden SA CREU NOVA &#8211; PETIT PALAIS ART &amp; SPA), mit Sitz in C\/Nou, 10 &#8211; 07630 &#8211; Campos (Mallorca) Balearen mit CIF: B65740581 und E-Mail-Adresse info@sacreunova.com. Folglich unterliegt die Verwendung von Cookies der vorliegenden \u201eCookie-Nutzungspolitik\u201c, die erstellt wurde, damit [&hellip;]\" \/>\n<meta property=\"og:url\" content=\"https:\/\/sacreunova.com\/de\/cookie-richtlinie\/\" \/>\n<meta property=\"og:site_name\" content=\"Sa Creu Nova\" \/>\n<meta property=\"article:modified_time\" content=\"2025-02-18T12:30:26+00:00\" \/>\n<meta name=\"twitter:card\" content=\"summary_large_image\" \/>\n<meta name=\"twitter:label1\" content=\"Gesch\u00e4tzte Lesezeit\" \/>\n\t<meta name=\"twitter:data1\" content=\"6\u00a0Minuten\" \/>\n<script type=\"application\/ld+json\" class=\"yoast-schema-graph\">{\"@context\":\"https:\/\/schema.org\",\"@graph\":[{\"@type\":\"WebPage\",\"@id\":\"https:\/\/sacreunova.com\/de\/cookie-richtlinie\/\",\"url\":\"https:\/\/sacreunova.com\/de\/cookie-richtlinie\/\",\"name\":\"Cookie-Richtlinie &#8212; Sa Creu Nova\",\"isPartOf\":{\"@id\":\"https:\/\/sacreunova.com\/de\/#website\"},\"datePublished\":\"2024-12-13T11:13:46+00:00\",\"dateModified\":\"2025-02-18T12:30:26+00:00\",\"breadcrumb\":{\"@id\":\"https:\/\/sacreunova.com\/de\/cookie-richtlinie\/#breadcrumb\"},\"inLanguage\":\"de\",\"potentialAction\":[{\"@type\":\"ReadAction\",\"target\":[\"https:\/\/sacreunova.com\/de\/cookie-richtlinie\/\"]}]},{\"@type\":\"BreadcrumbList\",\"@id\":\"https:\/\/sacreunova.com\/de\/cookie-richtlinie\/#breadcrumb\",\"itemListElement\":[{\"@type\":\"ListItem\",\"position\":1,\"name\":\"Portada\",\"item\":\"https:\/\/sacreunova.com\/de\/\"},{\"@type\":\"ListItem\",\"position\":2,\"name\":\"Cookie-Richtlinie\"}]},{\"@type\":\"WebSite\",\"@id\":\"https:\/\/sacreunova.com\/de\/#website\",\"url\":\"https:\/\/sacreunova.com\/de\/\",\"name\":\"Sa Creu Nova\",\"description\":\"Tranquilidad y lujo en perfecta armon\u00eda\",\"potentialAction\":[{\"@type\":\"SearchAction\",\"target\":{\"@type\":\"EntryPoint\",\"urlTemplate\":\"https:\/\/sacreunova.com\/de\/?s={search_term_string}\"},\"query-input\":{\"@type\":\"PropertyValueSpecification\",\"valueRequired\":true,\"valueName\":\"search_term_string\"}}],\"inLanguage\":\"de\"}]}<\/script>\n<!-- \/ Yoast SEO plugin. -->","yoast_head_json":{"title":"Cookie-Richtlinie &#8212; Sa Creu Nova","robots":{"index":"index","follow":"follow","max-snippet":"max-snippet:-1","max-image-preview":"max-image-preview:large","max-video-preview":"max-video-preview:-1"},"canonical":"https:\/\/sacreunova.com\/de\/cookie-richtlinie\/","og_locale":"de_DE","og_type":"article","og_title":"Cookie-Richtlinie &#8212; Sa Creu Nova","og_description":"Aktualisiert:-25. Feb. \u00a0 Die Website https:\/\/sacreunova.com\/ unterliegt der Verantwortung von R.E. CAMPOS INV, S.L. (im Folgenden SA CREU NOVA &#8211; PETIT PALAIS ART &amp; SPA), mit Sitz in C\/Nou, 10 &#8211; 07630 &#8211; Campos (Mallorca) Balearen mit CIF: B65740581 und E-Mail-Adresse info@sacreunova.com. Folglich unterliegt die Verwendung von Cookies der vorliegenden \u201eCookie-Nutzungspolitik\u201c, die erstellt wurde, damit [&hellip;]","og_url":"https:\/\/sacreunova.com\/de\/cookie-richtlinie\/","og_site_name":"Sa Creu Nova","article_modified_time":"2025-02-18T12:30:26+00:00","twitter_card":"summary_large_image","twitter_misc":{"Gesch\u00e4tzte Lesezeit":"6\u00a0Minuten"},"schema":{"@context":"https:\/\/schema.org","@graph":[{"@type":"WebPage","@id":"https:\/\/sacreunova.com\/de\/cookie-richtlinie\/","url":"https:\/\/sacreunova.com\/de\/cookie-richtlinie\/","name":"Cookie-Richtlinie &#8212; Sa Creu Nova","isPartOf":{"@id":"https:\/\/sacreunova.com\/de\/#website"},"datePublished":"2024-12-13T11:13:46+00:00","dateModified":"2025-02-18T12:30:26+00:00","breadcrumb":{"@id":"https:\/\/sacreunova.com\/de\/cookie-richtlinie\/#breadcrumb"},"inLanguage":"de","potentialAction":[{"@type":"ReadAction","target":["https:\/\/sacreunova.com\/de\/cookie-richtlinie\/"]}]},{"@type":"BreadcrumbList","@id":"https:\/\/sacreunova.com\/de\/cookie-richtlinie\/#breadcrumb","itemListElement":[{"@type":"ListItem","position":1,"name":"Portada","item":"https:\/\/sacreunova.com\/de\/"},{"@type":"ListItem","position":2,"name":"Cookie-Richtlinie"}]},{"@type":"WebSite","@id":"https:\/\/sacreunova.com\/de\/#website","url":"https:\/\/sacreunova.com\/de\/","name":"Sa Creu Nova","description":"Tranquilidad y lujo en perfecta armon\u00eda","potentialAction":[{"@type":"SearchAction","target":{"@type":"EntryPoint","urlTemplate":"https:\/\/sacreunova.com\/de\/?s={search_term_string}"},"query-input":{"@type":"PropertyValueSpecification","valueRequired":true,"valueName":"search_term_string"}}],"inLanguage":"de"}]}},"_links":{"self":[{"href":"https:\/\/sacreunova.com\/de\/wp-json\/wp\/v2\/pages\/1049","targetHints":{"allow":["GET"]}}],"collection":[{"href":"https:\/\/sacreunova.com\/de\/wp-json\/wp\/v2\/pages"}],"about":[{"href":"https:\/\/sacreunova.com\/de\/wp-json\/wp\/v2\/types\/page"}],"author":[{"embeddable":true,"href":"https:\/\/sacreunova.com\/de\/wp-json\/wp\/v2\/users\/2"}],"replies":[{"embeddable":true,"href":"https:\/\/sacreunova.com\/de\/wp-json\/wp\/v2\/comments?post=1049"}],"version-history":[{"count":5,"href":"https:\/\/sacreunova.com\/de\/wp-json\/wp\/v2\/pages\/1049\/revisions"}],"predecessor-version":[{"id":1104,"href":"https:\/\/sacreunova.com\/de\/wp-json\/wp\/v2\/pages\/1049\/revisions\/1104"}],"wp:attachment":[{"href":"https:\/\/sacreunova.com\/de\/wp-json\/wp\/v2\/media?parent=1049"}],"curies":[{"name":"wp","href":"https:\/\/api.w.org\/{rel}","templated":true}]}}